{"id":15,"date":"2023-04-19T12:44:11","date_gmt":"2023-04-19T10:44:11","guid":{"rendered":"https:\/\/andreamicaroni.it\/?page_id=15"},"modified":"2023-04-20T10:12:09","modified_gmt":"2023-04-20T08:12:09","slug":"fotografo","status":"publish","type":"page","link":"https:\/\/andreamicaroni.it\/index.php\/fotografo\/","title":{"rendered":"Fotografo"},"content":{"rendered":"\n<p>La fotografia \u00e8 incredibile. \u00c8 vero che un&#8217;immagine vale pi\u00f9 di mille parole.<\/p>\n\n\n\n<p>Ed \u00e8 proprio per questo che va curata nei suoi dettagli.<\/p>\n\n\n\n<p>Sia che ritragga un momento ben preciso e non ripetibile, sia che voglia immortalare uno sguardo, o che sia fatta in studio con delle luci calibrate per<\/p>\n\n\n\n<p>lo scopo che ci si propone.<\/p>\n\n\n\n<figure class=\"wp-block-gallery has-nested-images columns-default is-cropped wp-block-gallery-1 is-layout-flex\">\n<figure class=\"wp-block-image size-large\"><img decoding=\"async\" width=\"600\" height=\"600\" data-id=\"112\"  src=\"https:\/\/andreamicaroni.it\/wp-content\/uploads\/2023\/04\/Green-10.jpg\" alt=\"Foto Golf di Andrea Micaroni\" class=\"wp-image-112\" srcset=\"https:\/\/andreamicaroni.it\/wp-content\/uploads\/2023\/04\/Green-10.jpg 600w, https:\/\/andreamicaroni.it\/wp-content\/uploads\/2023\/04\/Green-10-300x300.jpg 300w, https:\/\/andreamicaroni.it\/wp-content\/uploads\/2023\/04\/Green-10-150x150.jpg 150w, https:\/\/andreamicaroni.it\/wp-content\/uploads\/2023\/04\/Green-10-510x510.jpg 510w\" sizes=\"(max-width: 600px) 100vw, 600px\" \/><\/figure>\n\n\n\n<figure class=\"wp-block-image size-large\"><img decoding=\"async\" width=\"600\" height=\"600\" data-id=\"111\"  src=\"https:\/\/andreamicaroni.it\/wp-content\/uploads\/2023\/04\/Green-4.jpg\" alt=\"Foto Golf di Andrea Micaroni\" class=\"wp-image-111\" srcset=\"https:\/\/andreamicaroni.it\/wp-content\/uploads\/2023\/04\/Green-4.jpg 600w, https:\/\/andreamicaroni.it\/wp-content\/uploads\/2023\/04\/Green-4-300x300.jpg 300w, https:\/\/andreamicaroni.it\/wp-content\/uploads\/2023\/04\/Green-4-150x150.jpg 150w, https:\/\/andreamicaroni.it\/wp-content\/uploads\/2023\/04\/Green-4-510x510.jpg 510w\" sizes=\"(max-width: 600px) 100vw, 600px\" \/><\/figure>\n\n\n\n<figure class=\"wp-block-image size-large\"><img decoding=\"async\" width=\"1024\" height=\"468\" data-id=\"42\"  src=\"https:\/\/andreamicaroni.it\/wp-content\/uploads\/2023\/04\/trancio-di-pesce-spada-in-salsa-1377x630-1-1024x468.jpg\" alt=\"Fotografo Andrea Micaroni\" class=\"wp-image-42\" srcset=\"https:\/\/andreamicaroni.it\/wp-content\/uploads\/2023\/04\/trancio-di-pesce-spada-in-salsa-1377x630-1-1024x468.jpg 1024w, https:\/\/andreamicaroni.it\/wp-content\/uploads\/2023\/04\/trancio-di-pesce-spada-in-salsa-1377x630-1-300x137.jpg 300w, https:\/\/andreamicaroni.it\/wp-content\/uploads\/2023\/04\/trancio-di-pesce-spada-in-salsa-1377x630-1-768x351.jpg 768w, https:\/\/andreamicaroni.it\/wp-content\/uploads\/2023\/04\/trancio-di-pesce-spada-in-salsa-1377x630-1-517x235.jpg 517w, https:\/\/andreamicaroni.it\/wp-content\/uploads\/2023\/04\/trancio-di-pesce-spada-in-salsa-1377x630-1.jpg 1377w\" sizes=\"(max-width: 1024px) 100vw, 1024px\" \/><figcaption class=\"wp-element-caption\">Trancio di pesce spada fotografato da Andrea Micaroni<\/figcaption><\/figure>\n\n\n\n<figure class=\"wp-block-image size-large\"><img decoding=\"async\" width=\"1024\" height=\"468\" data-id=\"41\"  src=\"https:\/\/andreamicaroni.it\/wp-content\/uploads\/2023\/04\/tartare-di-pollo-e-funghi-1377x630-1-1024x468.jpg\" alt=\"Ratatouille di funghi fotografato da Andrea Micaroni\" class=\"wp-image-41\" srcset=\"https:\/\/andreamicaroni.it\/wp-content\/uploads\/2023\/04\/tartare-di-pollo-e-funghi-1377x630-1-1024x468.jpg 1024w, https:\/\/andreamicaroni.it\/wp-content\/uploads\/2023\/04\/tartare-di-pollo-e-funghi-1377x630-1-300x137.jpg 300w, https:\/\/andreamicaroni.it\/wp-content\/uploads\/2023\/04\/tartare-di-pollo-e-funghi-1377x630-1-768x351.jpg 768w, https:\/\/andreamicaroni.it\/wp-content\/uploads\/2023\/04\/tartare-di-pollo-e-funghi-1377x630-1-517x235.jpg 517w, https:\/\/andreamicaroni.it\/wp-content\/uploads\/2023\/04\/tartare-di-pollo-e-funghi-1377x630-1.jpg 1377w\" sizes=\"(max-width: 1024px) 100vw, 1024px\" \/><figcaption class=\"wp-element-caption\">Ratatouille di funghi fotografato da Andrea Micaroni<\/figcaption><\/figure>\n\n\n\n<figure class=\"wp-block-image size-large\"><img decoding=\"async\" width=\"1024\" height=\"469\" data-id=\"37\"  src=\"https:\/\/andreamicaroni.it\/wp-content\/uploads\/2023\/04\/Pasta-A.O.P.-1375x630-1-1024x469.jpg\" alt=\"Pasta AOP fotografato da Andrea Micaroni\" class=\"wp-image-37\" srcset=\"https:\/\/andreamicaroni.it\/wp-content\/uploads\/2023\/04\/Pasta-A.O.P.-1375x630-1-1024x469.jpg 1024w, https:\/\/andreamicaroni.it\/wp-content\/uploads\/2023\/04\/Pasta-A.O.P.-1375x630-1-300x137.jpg 300w, https:\/\/andreamicaroni.it\/wp-content\/uploads\/2023\/04\/Pasta-A.O.P.-1375x630-1-768x352.jpg 768w, https:\/\/andreamicaroni.it\/wp-content\/uploads\/2023\/04\/Pasta-A.O.P.-1375x630-1.jpg 1375w\" sizes=\"(max-width: 1024px) 100vw, 1024px\" \/><figcaption class=\"wp-element-caption\">Pasta AOP fotografato da Andrea Micaroni<\/figcaption><\/figure>\n\n\n\n<figure class=\"wp-block-image size-large\"><img decoding=\"async\" width=\"1024\" height=\"468\" data-id=\"39\"  src=\"https:\/\/andreamicaroni.it\/wp-content\/uploads\/2023\/04\/ratatouille-1377x630-1-1024x468.jpg\" alt=\"Ratatouille fotografato da Andrea Micaroni\" class=\"wp-image-39\" srcset=\"https:\/\/andreamicaroni.it\/wp-content\/uploads\/2023\/04\/ratatouille-1377x630-1-1024x468.jpg 1024w, https:\/\/andreamicaroni.it\/wp-content\/uploads\/2023\/04\/ratatouille-1377x630-1-300x137.jpg 300w, https:\/\/andreamicaroni.it\/wp-content\/uploads\/2023\/04\/ratatouille-1377x630-1-768x351.jpg 768w, https:\/\/andreamicaroni.it\/wp-content\/uploads\/2023\/04\/ratatouille-1377x630-1-517x235.jpg 517w, https:\/\/andreamicaroni.it\/wp-content\/uploads\/2023\/04\/ratatouille-1377x630-1.jpg 1377w\" sizes=\"(max-width: 1024px) 100vw, 1024px\" \/><figcaption class=\"wp-element-caption\">Ratatouille fotografato da Andrea Micaroni<\/figcaption><\/figure>\n\n\n\n<figure class=\"wp-block-image size-large\"><img decoding=\"async\" width=\"1024\" height=\"681\" data-id=\"43\"  src=\"https:\/\/andreamicaroni.it\/wp-content\/uploads\/2023\/04\/tratare-di-anguria-e-gamberi-al-lazzaretto-1024x681.jpg\" alt=\"Ratatouille di pesce fotografato da Andrea Micaroni\" class=\"wp-image-43\" srcset=\"https:\/\/andreamicaroni.it\/wp-content\/uploads\/2023\/04\/tratare-di-anguria-e-gamberi-al-lazzaretto-1024x681.jpg 1024w, https:\/\/andreamicaroni.it\/wp-content\/uploads\/2023\/04\/tratare-di-anguria-e-gamberi-al-lazzaretto-300x200.jpg 300w, https:\/\/andreamicaroni.it\/wp-content\/uploads\/2023\/04\/tratare-di-anguria-e-gamberi-al-lazzaretto-768x511.jpg 768w, https:\/\/andreamicaroni.it\/wp-content\/uploads\/2023\/04\/tratare-di-anguria-e-gamberi-al-lazzaretto.jpg 1377w\" sizes=\"(max-width: 1024px) 100vw, 1024px\" \/><figcaption class=\"wp-element-caption\">Ratatouille di pesce fotografato da Andrea Micaroni<\/figcaption><\/figure>\n\n\n\n<figure class=\"wp-block-image size-large\"><img decoding=\"async\" width=\"1024\" height=\"681\" data-id=\"36\"  src=\"https:\/\/andreamicaroni.it\/wp-content\/uploads\/2023\/04\/melanzana-alla-parmigiana-decostruita-1024x681.jpg\" alt=\"Melanzana alla parmigiana fotografato da Andrea Micaroni\" class=\"wp-image-36\" srcset=\"https:\/\/andreamicaroni.it\/wp-content\/uploads\/2023\/04\/melanzana-alla-parmigiana-decostruita-1024x681.jpg 1024w, https:\/\/andreamicaroni.it\/wp-content\/uploads\/2023\/04\/melanzana-alla-parmigiana-decostruita-300x200.jpg 300w, https:\/\/andreamicaroni.it\/wp-content\/uploads\/2023\/04\/melanzana-alla-parmigiana-decostruita-768x511.jpg 768w, https:\/\/andreamicaroni.it\/wp-content\/uploads\/2023\/04\/melanzana-alla-parmigiana-decostruita.jpg 1377w\" sizes=\"(max-width: 1024px) 100vw, 1024px\" \/><figcaption class=\"wp-element-caption\">Melanzana alla parmigiana fotografato da Andrea Micaroni<\/figcaption><\/figure>\n\n\n\n<figure class=\"wp-block-image size-large\"><img decoding=\"async\" width=\"770\" height=\"1000\" data-id=\"63\"  src=\"https:\/\/andreamicaroni.it\/wp-content\/uploads\/2023\/04\/Impresario-Teatrale-Foriian-1-.jpg\" alt=\"L'impresario Teatrale fotografato da Andrea Micaroni\" class=\"wp-image-63\" srcset=\"https:\/\/andreamicaroni.it\/wp-content\/uploads\/2023\/04\/Impresario-Teatrale-Foriian-1-.jpg 770w, https:\/\/andreamicaroni.it\/wp-content\/uploads\/2023\/04\/Impresario-Teatrale-Foriian-1--231x300.jpg 231w, https:\/\/andreamicaroni.it\/wp-content\/uploads\/2023\/04\/Impresario-Teatrale-Foriian-1--768x997.jpg 768w\" sizes=\"(max-width: 770px) 100vw, 770px\" \/><figcaption class=\"wp-element-caption\">L&#8217;impresario Teatrale fotografato da Andrea Micaroni<\/figcaption><\/figure>\n\n\n\n<figure class=\"wp-block-image size-large\"><img decoding=\"async\" width=\"768\" height=\"886\" data-id=\"64\"  src=\"https:\/\/andreamicaroni.it\/wp-content\/uploads\/2023\/04\/Impresario-Teatrale-Foriian-2-768x886-1.jpg\" alt=\"\" class=\"wp-image-64\" srcset=\"https:\/\/andreamicaroni.it\/wp-content\/uploads\/2023\/04\/Impresario-Teatrale-Foriian-2-768x886-1.jpg 768w, https:\/\/andreamicaroni.it\/wp-content\/uploads\/2023\/04\/Impresario-Teatrale-Foriian-2-768x886-1-260x300.jpg 260w\" sizes=\"(max-width: 768px) 100vw, 768px\" \/><\/figure>\n\n\n\n<figure class=\"wp-block-image size-large\"><img decoding=\"async\" width=\"1000\" height=\"600\" data-id=\"65\"  src=\"https:\/\/andreamicaroni.it\/wp-content\/uploads\/2023\/04\/Impresario-Teatrale-Foriian-3.jpg\" alt=\"\" class=\"wp-image-65\" srcset=\"https:\/\/andreamicaroni.it\/wp-content\/uploads\/2023\/04\/Impresario-Teatrale-Foriian-3.jpg 1000w, https:\/\/andreamicaroni.it\/wp-content\/uploads\/2023\/04\/Impresario-Teatrale-Foriian-3-300x180.jpg 300w, https:\/\/andreamicaroni.it\/wp-content\/uploads\/2023\/04\/Impresario-Teatrale-Foriian-3-768x461.jpg 768w\" sizes=\"(max-width: 1000px) 100vw, 1000px\" \/><\/figure>\n<\/figure>\n","protected":false},"excerpt":{"rendered":"<p>La fotografia \u00e8 incredibile. \u00c8 vero che un&#8217;immagine vale pi\u00f9 di mille parole. Ed \u00e8 proprio per questo che va curata nei suoi dettagli. Sia che ritragga un momento ben preciso e non ripetibile, sia che voglia immortalare uno sguardo, o che sia fatta in studio con delle luci calibrate per lo scopo che ci [&hellip;]<\/p>\n","protected":false},"author":1,"featured_media":0,"parent":0,"menu_order":0,"comment_status":"closed","ping_status":"closed","template":"","meta":[],"yoast_head":"<!-- This site is optimized with the Yoast SEO plugin v20.8 - https:\/\/yoast.com\/wordpress\/plugins\/seo\/ -->\n<title>Fotografo - andreamicaroni<\/title>\n<meta name=\"robots\" content=\"index, follow, max-snippet:-1, max-image-preview:large, max-video-preview:-1\" \/>\n<link rel=\"canonical\" href=\"https:\/\/andreamicaroni.it\/index.php\/fotografo\/\" \/>\n<meta property=\"og:locale\" content=\"en_US\" \/>\n<meta property=\"og:type\" content=\"article\" \/>\n<meta property=\"og:title\" content=\"Fotografo - andreamicaroni\" \/>\n<meta property=\"og:description\" content=\"La fotografia \u00e8 incredibile. \u00c8 vero che un&#8217;immagine vale pi\u00f9 di mille parole. Ed \u00e8 proprio per questo che va curata nei suoi dettagli. Sia che ritragga un momento ben preciso e non ripetibile, sia che voglia immortalare uno sguardo, o che sia fatta in studio con delle luci calibrate per lo scopo che ci [&hellip;]\" \/>\n<meta property=\"og:url\" content=\"https:\/\/andreamicaroni.it\/index.php\/fotografo\/\" \/>\n<meta property=\"og:site_name\" content=\"andreamicaroni\" \/>\n<meta property=\"article:modified_time\" content=\"2023-04-20T08:12:09+00:00\" \/>\n<meta property=\"og:image\" content=\"https:\/\/andreamicaroni.it\/wp-content\/uploads\/2023\/04\/Green-10.jpg\" \/>\n<meta name=\"twitter:card\" content=\"summary_large_image\" \/>\n<meta name=\"twitter:label1\" content=\"Est. reading time\" \/>\n\t<meta name=\"twitter:data1\" content=\"3 minutes\" \/>\n<script type=\"application\/ld+json\" class=\"yoast-schema-graph\">{\"@context\":\"https:\/\/schema.org\",\"@graph\":[{\"@type\":\"WebPage\",\"@id\":\"https:\/\/andreamicaroni.it\/index.php\/fotografo\/\",\"url\":\"https:\/\/andreamicaroni.it\/index.php\/fotografo\/\",\"name\":\"Fotografo - andreamicaroni\",\"isPartOf\":{\"@id\":\"https:\/\/andreamicaroni.it\/#website\"},\"datePublished\":\"2023-04-19T10:44:11+00:00\",\"dateModified\":\"2023-04-20T08:12:09+00:00\",\"breadcrumb\":{\"@id\":\"https:\/\/andreamicaroni.it\/index.php\/fotografo\/#breadcrumb\"},\"inLanguage\":\"en-US\",\"potentialAction\":[{\"@type\":\"ReadAction\",\"target\":[\"https:\/\/andreamicaroni.it\/index.php\/fotografo\/\"]}]},{\"@type\":\"BreadcrumbList\",\"@id\":\"https:\/\/andreamicaroni.it\/index.php\/fotografo\/#breadcrumb\",\"itemListElement\":[{\"@type\":\"ListItem\",\"position\":1,\"name\":\"Home\",\"item\":\"https:\/\/andreamicaroni.it\/\"},{\"@type\":\"ListItem\",\"position\":2,\"name\":\"Fotografo\"}]},{\"@type\":\"WebSite\",\"@id\":\"https:\/\/andreamicaroni.it\/#website\",\"url\":\"https:\/\/andreamicaroni.it\/\",\"name\":\"andreamicaroni\",\"description\":\"Visual Artist\",\"publisher\":{\"@id\":\"https:\/\/andreamicaroni.it\/#organization\"},\"potentialAction\":[{\"@type\":\"SearchAction\",\"target\":{\"@type\":\"EntryPoint\",\"urlTemplate\":\"https:\/\/andreamicaroni.it\/?s={search_term_string}\"},\"query-input\":\"required name=search_term_string\"}],\"inLanguage\":\"en-US\"},{\"@type\":\"Organization\",\"@id\":\"https:\/\/andreamicaroni.it\/#organization\",\"name\":\"andreamicaroni\",\"url\":\"https:\/\/andreamicaroni.it\/\",\"logo\":{\"@type\":\"ImageObject\",\"inLanguage\":\"en-US\",\"@id\":\"https:\/\/andreamicaroni.it\/#\/schema\/logo\/image\/\",\"url\":\"https:\/\/andreamicaroni.it\/wp-content\/uploads\/2023\/04\/cropped-logo_Mic-1-1-1024x496-1.jpg\",\"contentUrl\":\"https:\/\/andreamicaroni.it\/wp-content\/uploads\/2023\/04\/cropped-logo_Mic-1-1-1024x496-1.jpg\",\"width\":1023,\"height\":409,\"caption\":\"andreamicaroni\"},\"image\":{\"@id\":\"https:\/\/andreamicaroni.it\/#\/schema\/logo\/image\/\"}}]}<\/script>\n<!-- \/ Yoast SEO plugin. -->","yoast_head_json":{"title":"Fotografo - andreamicaroni","robots":{"index":"index","follow":"follow","max-snippet":"max-snippet:-1","max-image-preview":"max-image-preview:large","max-video-preview":"max-video-preview:-1"},"canonical":"https:\/\/andreamicaroni.it\/index.php\/fotografo\/","og_locale":"en_US","og_type":"article","og_title":"Fotografo - andreamicaroni","og_description":"La fotografia \u00e8 incredibile. \u00c8 vero che un&#8217;immagine vale pi\u00f9 di mille parole. Ed \u00e8 proprio per questo che va curata nei suoi dettagli. Sia che ritragga un momento ben preciso e non ripetibile, sia che voglia immortalare uno sguardo, o che sia fatta in studio con delle luci calibrate per lo scopo che ci [&hellip;]","og_url":"https:\/\/andreamicaroni.it\/index.php\/fotografo\/","og_site_name":"andreamicaroni","article_modified_time":"2023-04-20T08:12:09+00:00","og_image":[{"url":"https:\/\/andreamicaroni.it\/wp-content\/uploads\/2023\/04\/Green-10.jpg"}],"twitter_card":"summary_large_image","twitter_misc":{"Est. reading time":"3 minutes"},"schema":{"@context":"https:\/\/schema.org","@graph":[{"@type":"WebPage","@id":"https:\/\/andreamicaroni.it\/index.php\/fotografo\/","url":"https:\/\/andreamicaroni.it\/index.php\/fotografo\/","name":"Fotografo - andreamicaroni","isPartOf":{"@id":"https:\/\/andreamicaroni.it\/#website"},"datePublished":"2023-04-19T10:44:11+00:00","dateModified":"2023-04-20T08:12:09+00:00","breadcrumb":{"@id":"https:\/\/andreamicaroni.it\/index.php\/fotografo\/#breadcrumb"},"inLanguage":"en-US","potentialAction":[{"@type":"ReadAction","target":["https:\/\/andreamicaroni.it\/index.php\/fotografo\/"]}]},{"@type":"BreadcrumbList","@id":"https:\/\/andreamicaroni.it\/index.php\/fotografo\/#breadcrumb","itemListElement":[{"@type":"ListItem","position":1,"name":"Home","item":"https:\/\/andreamicaroni.it\/"},{"@type":"ListItem","position":2,"name":"Fotografo"}]},{"@type":"WebSite","@id":"https:\/\/andreamicaroni.it\/#website","url":"https:\/\/andreamicaroni.it\/","name":"andreamicaroni","description":"Visual Artist","publisher":{"@id":"https:\/\/andreamicaroni.it\/#organization"},"potentialAction":[{"@type":"SearchAction","target":{"@type":"EntryPoint","urlTemplate":"https:\/\/andreamicaroni.it\/?s={search_term_string}"},"query-input":"required name=search_term_string"}],"inLanguage":"en-US"},{"@type":"Organization","@id":"https:\/\/andreamicaroni.it\/#organization","name":"andreamicaroni","url":"https:\/\/andreamicaroni.it\/","logo":{"@type":"ImageObject","inLanguage":"en-US","@id":"https:\/\/andreamicaroni.it\/#\/schema\/logo\/image\/","url":"https:\/\/andreamicaroni.it\/wp-content\/uploads\/2023\/04\/cropped-logo_Mic-1-1-1024x496-1.jpg","contentUrl":"https:\/\/andreamicaroni.it\/wp-content\/uploads\/2023\/04\/cropped-logo_Mic-1-1-1024x496-1.jpg","width":1023,"height":409,"caption":"andreamicaroni"},"image":{"@id":"https:\/\/andreamicaroni.it\/#\/schema\/logo\/image\/"}}]}},"_links":{"self":[{"href":"https:\/\/andreamicaroni.it\/index.php\/wp-json\/wp\/v2\/pages\/15"}],"collection":[{"href":"https:\/\/andreamicaroni.it\/index.php\/wp-json\/wp\/v2\/pages"}],"about":[{"href":"https:\/\/andreamicaroni.it\/index.php\/wp-json\/wp\/v2\/types\/page"}],"author":[{"embeddable":true,"href":"https:\/\/andreamicaroni.it\/index.php\/wp-json\/wp\/v2\/users\/1"}],"replies":[{"embeddable":true,"href":"https:\/\/andreamicaroni.it\/index.php\/wp-json\/wp\/v2\/comments?post=15"}],"version-history":[{"count":3,"href":"https:\/\/andreamicaroni.it\/index.php\/wp-json\/wp\/v2\/pages\/15\/revisions"}],"predecessor-version":[{"id":116,"href":"https:\/\/andreamicaroni.it\/index.php\/wp-json\/wp\/v2\/pages\/15\/revisions\/116"}],"wp:attachment":[{"href":"https:\/\/andreamicaroni.it\/index.php\/wp-json\/wp\/v2\/media?parent=15"}],"curies":[{"name":"wp","href":"https:\/\/api.w.org\/{rel}","templated":true}]}}