{"id":19,"date":"2023-04-19T12:38:10","date_gmt":"2023-04-19T10:38:10","guid":{"rendered":"https:\/\/andreamicaroni.it\/?page_id=19"},"modified":"2025-09-06T09:04:54","modified_gmt":"2025-09-06T07:04:54","slug":"virtual-tour","status":"publish","type":"page","link":"https:\/\/andreamicaroni.it\/index.php\/virtual-tour\/","title":{"rendered":"Virtual Tour"},"content":{"rendered":"\n<p><\/p>\n\n\n\n<p><strong>Ma esattamente cos&#8217;\u00e8 e a che serve?<\/strong><\/p>\n\n\n\n<ul>\n<li><strong><em>Un virtual tour \u00e8 una simulazione digitale di un luogo esistente, realizzata tramite video o immagini fisse o panoramiche poste in sequenza e collegate tra loro, che permette all\u2019utente di esplorare lo spazio in modo interattivo come se fosse fisicamente presente. <br>Questo tipo di esperienza \u00e8 immersiva e pu\u00f2 essere fruita da computer, tablet o smartphone, consentendo di muoversi liberamente all\u2019interno dell\u2019ambiente visualizzato e di scegliere cosa guardare. <br>I virtual tour sono spesso personalizzati con effetti sonori, narrazioni, pulsanti cliccabili e altri elementi multimediali per arricchire la visita virtuale e renderla pi\u00f9 coinvolgente. <br>Si distinguono da semplici video tour perch\u00e9 offrono una visione panoramica a 360\u00b0 e un livello di interattivit\u00e0 superiore, dando all\u2019utente un controllo totale sull\u2019esplorazione dell\u2019ambiente<\/em><\/strong><\/li>\n<\/ul>\n\n\n\n<p><strong>Quali sono i contenuti che si possono inserire?<\/strong><\/p>\n\n\n\n<p><strong>Suoni?<\/strong><\/p>\n\n\n\n<p><strong>Video?<\/strong><\/p>\n\n\n\n<p><strong>Immagini statiche?<\/strong><\/p>\n\n\n\n<p><strong>Testi?<\/strong><\/p>\n\n\n\n<ul>\n<li><strong><em>La verit\u00e0 che in pratica si possono inserire un p\u00f2 tutti e dare modo di far conoscere molto meglio la tua attivit\u00e0.<\/em><\/strong><\/li>\n<\/ul>\n\n\n<div class=\"wp-block-image\">\n<figure class=\"aligncenter size-full\"><img decoding=\"async\" width=\"320\" height=\"320\" src=\"https:\/\/andreamicaroni.it\/wp-content\/uploads\/2023\/04\/8FEA98FF-2DC2-4FDD-8D3A-452CD9E74416.gif\" alt=\"Virtual Tour di Andrea Micaroni\" class=\"wp-image-85\"\/><\/figure><\/div>","protected":false},"excerpt":{"rendered":"<p>Ma esattamente cos&#8217;\u00e8 e a che serve? Quali sono i contenuti che si possono inserire? Suoni? Video? Immagini statiche? Testi?<\/p>\n","protected":false},"author":1,"featured_media":0,"parent":0,"menu_order":0,"comment_status":"closed","ping_status":"closed","template":"","meta":[],"yoast_head":"<!-- This site is optimized with the Yoast SEO plugin v20.8 - https:\/\/yoast.com\/wordpress\/plugins\/seo\/ -->\n<title>Virtual Tour - andreamicaroni<\/title>\n<meta name=\"description\" content=\"Ecco cos&#039;\u00e8 esattamente e a che serve. Un Virtual Tour realizzato da Andrea Micaroni per un suo cliente. Realizzazione per tutte le attivit\u00e0.\" \/>\n<meta name=\"robots\" content=\"index, follow, max-snippet:-1, max-image-preview:large, max-video-preview:-1\" \/>\n<link rel=\"canonical\" href=\"https:\/\/andreamicaroni.it\/index.php\/virtual-tour\/\" \/>\n<meta property=\"og:locale\" content=\"en_US\" \/>\n<meta property=\"og:type\" content=\"article\" \/>\n<meta property=\"og:title\" content=\"Virtual Tour - andreamicaroni\" \/>\n<meta property=\"og:description\" content=\"Ecco cos&#039;\u00e8 esattamente e a che serve. Un Virtual Tour realizzato da Andrea Micaroni per un suo cliente. Realizzazione per tutte le attivit\u00e0.\" \/>\n<meta property=\"og:url\" content=\"https:\/\/andreamicaroni.it\/index.php\/virtual-tour\/\" \/>\n<meta property=\"og:site_name\" content=\"andreamicaroni\" \/>\n<meta property=\"article:modified_time\" content=\"2025-09-06T07:04:54+00:00\" \/>\n<meta property=\"og:image\" content=\"https:\/\/andreamicaroni.it\/wp-content\/uploads\/2023\/04\/8FEA98FF-2DC2-4FDD-8D3A-452CD9E74416.gif\" \/>\n<meta name=\"twitter:card\" content=\"summary_large_image\" \/>\n<meta name=\"twitter:label1\" content=\"Est. reading time\" \/>\n\t<meta name=\"twitter:data1\" content=\"1 minute\" \/>\n<script type=\"application\/ld+json\" class=\"yoast-schema-graph\">{\"@context\":\"https:\/\/schema.org\",\"@graph\":[{\"@type\":\"WebPage\",\"@id\":\"https:\/\/andreamicaroni.it\/index.php\/virtual-tour\/\",\"url\":\"https:\/\/andreamicaroni.it\/index.php\/virtual-tour\/\",\"name\":\"Virtual Tour - andreamicaroni\",\"isPartOf\":{\"@id\":\"https:\/\/andreamicaroni.it\/#website\"},\"datePublished\":\"2023-04-19T10:38:10+00:00\",\"dateModified\":\"2025-09-06T07:04:54+00:00\",\"description\":\"Ecco cos'\u00e8 esattamente e a che serve. Un Virtual Tour realizzato da Andrea Micaroni per un suo cliente. Realizzazione per tutte le attivit\u00e0.\",\"breadcrumb\":{\"@id\":\"https:\/\/andreamicaroni.it\/index.php\/virtual-tour\/#breadcrumb\"},\"inLanguage\":\"en-US\",\"potentialAction\":[{\"@type\":\"ReadAction\",\"target\":[\"https:\/\/andreamicaroni.it\/index.php\/virtual-tour\/\"]}]},{\"@type\":\"BreadcrumbList\",\"@id\":\"https:\/\/andreamicaroni.it\/index.php\/virtual-tour\/#breadcrumb\",\"itemListElement\":[{\"@type\":\"ListItem\",\"position\":1,\"name\":\"Home\",\"item\":\"https:\/\/andreamicaroni.it\/\"},{\"@type\":\"ListItem\",\"position\":2,\"name\":\"Virtual Tour\"}]},{\"@type\":\"WebSite\",\"@id\":\"https:\/\/andreamicaroni.it\/#website\",\"url\":\"https:\/\/andreamicaroni.it\/\",\"name\":\"andreamicaroni\",\"description\":\"Visual Artist\",\"publisher\":{\"@id\":\"https:\/\/andreamicaroni.it\/#organization\"},\"potentialAction\":[{\"@type\":\"SearchAction\",\"target\":{\"@type\":\"EntryPoint\",\"urlTemplate\":\"https:\/\/andreamicaroni.it\/?s={search_term_string}\"},\"query-input\":\"required name=search_term_string\"}],\"inLanguage\":\"en-US\"},{\"@type\":\"Organization\",\"@id\":\"https:\/\/andreamicaroni.it\/#organization\",\"name\":\"andreamicaroni\",\"url\":\"https:\/\/andreamicaroni.it\/\",\"logo\":{\"@type\":\"ImageObject\",\"inLanguage\":\"en-US\",\"@id\":\"https:\/\/andreamicaroni.it\/#\/schema\/logo\/image\/\",\"url\":\"https:\/\/andreamicaroni.it\/wp-content\/uploads\/2023\/04\/cropped-logo_Mic-1-1-1024x496-1.jpg\",\"contentUrl\":\"https:\/\/andreamicaroni.it\/wp-content\/uploads\/2023\/04\/cropped-logo_Mic-1-1-1024x496-1.jpg\",\"width\":1023,\"height\":409,\"caption\":\"andreamicaroni\"},\"image\":{\"@id\":\"https:\/\/andreamicaroni.it\/#\/schema\/logo\/image\/\"}}]}<\/script>\n<!-- \/ Yoast SEO plugin. -->","yoast_head_json":{"title":"Virtual Tour - andreamicaroni","description":"Ecco cos'\u00e8 esattamente e a che serve. Un Virtual Tour realizzato da Andrea Micaroni per un suo cliente. Realizzazione per tutte le attivit\u00e0.","robots":{"index":"index","follow":"follow","max-snippet":"max-snippet:-1","max-image-preview":"max-image-preview:large","max-video-preview":"max-video-preview:-1"},"canonical":"https:\/\/andreamicaroni.it\/index.php\/virtual-tour\/","og_locale":"en_US","og_type":"article","og_title":"Virtual Tour - andreamicaroni","og_description":"Ecco cos'\u00e8 esattamente e a che serve. Un Virtual Tour realizzato da Andrea Micaroni per un suo cliente. Realizzazione per tutte le attivit\u00e0.","og_url":"https:\/\/andreamicaroni.it\/index.php\/virtual-tour\/","og_site_name":"andreamicaroni","article_modified_time":"2025-09-06T07:04:54+00:00","og_image":[{"url":"https:\/\/andreamicaroni.it\/wp-content\/uploads\/2023\/04\/8FEA98FF-2DC2-4FDD-8D3A-452CD9E74416.gif"}],"twitter_card":"summary_large_image","twitter_misc":{"Est. reading time":"1 minute"},"schema":{"@context":"https:\/\/schema.org","@graph":[{"@type":"WebPage","@id":"https:\/\/andreamicaroni.it\/index.php\/virtual-tour\/","url":"https:\/\/andreamicaroni.it\/index.php\/virtual-tour\/","name":"Virtual Tour - andreamicaroni","isPartOf":{"@id":"https:\/\/andreamicaroni.it\/#website"},"datePublished":"2023-04-19T10:38:10+00:00","dateModified":"2025-09-06T07:04:54+00:00","description":"Ecco cos'\u00e8 esattamente e a che serve. Un Virtual Tour realizzato da Andrea Micaroni per un suo cliente. Realizzazione per tutte le attivit\u00e0.","breadcrumb":{"@id":"https:\/\/andreamicaroni.it\/index.php\/virtual-tour\/#breadcrumb"},"inLanguage":"en-US","potentialAction":[{"@type":"ReadAction","target":["https:\/\/andreamicaroni.it\/index.php\/virtual-tour\/"]}]},{"@type":"BreadcrumbList","@id":"https:\/\/andreamicaroni.it\/index.php\/virtual-tour\/#breadcrumb","itemListElement":[{"@type":"ListItem","position":1,"name":"Home","item":"https:\/\/andreamicaroni.it\/"},{"@type":"ListItem","position":2,"name":"Virtual Tour"}]},{"@type":"WebSite","@id":"https:\/\/andreamicaroni.it\/#website","url":"https:\/\/andreamicaroni.it\/","name":"andreamicaroni","description":"Visual Artist","publisher":{"@id":"https:\/\/andreamicaroni.it\/#organization"},"potentialAction":[{"@type":"SearchAction","target":{"@type":"EntryPoint","urlTemplate":"https:\/\/andreamicaroni.it\/?s={search_term_string}"},"query-input":"required name=search_term_string"}],"inLanguage":"en-US"},{"@type":"Organization","@id":"https:\/\/andreamicaroni.it\/#organization","name":"andreamicaroni","url":"https:\/\/andreamicaroni.it\/","logo":{"@type":"ImageObject","inLanguage":"en-US","@id":"https:\/\/andreamicaroni.it\/#\/schema\/logo\/image\/","url":"https:\/\/andreamicaroni.it\/wp-content\/uploads\/2023\/04\/cropped-logo_Mic-1-1-1024x496-1.jpg","contentUrl":"https:\/\/andreamicaroni.it\/wp-content\/uploads\/2023\/04\/cropped-logo_Mic-1-1-1024x496-1.jpg","width":1023,"height":409,"caption":"andreamicaroni"},"image":{"@id":"https:\/\/andreamicaroni.it\/#\/schema\/logo\/image\/"}}]}},"_links":{"self":[{"href":"https:\/\/andreamicaroni.it\/index.php\/wp-json\/wp\/v2\/pages\/19"}],"collection":[{"href":"https:\/\/andreamicaroni.it\/index.php\/wp-json\/wp\/v2\/pages"}],"about":[{"href":"https:\/\/andreamicaroni.it\/index.php\/wp-json\/wp\/v2\/types\/page"}],"author":[{"embeddable":true,"href":"https:\/\/andreamicaroni.it\/index.php\/wp-json\/wp\/v2\/users\/1"}],"replies":[{"embeddable":true,"href":"https:\/\/andreamicaroni.it\/index.php\/wp-json\/wp\/v2\/comments?post=19"}],"version-history":[{"count":4,"href":"https:\/\/andreamicaroni.it\/index.php\/wp-json\/wp\/v2\/pages\/19\/revisions"}],"predecessor-version":[{"id":136,"href":"https:\/\/andreamicaroni.it\/index.php\/wp-json\/wp\/v2\/pages\/19\/revisions\/136"}],"wp:attachment":[{"href":"https:\/\/andreamicaroni.it\/index.php\/wp-json\/wp\/v2\/media?parent=19"}],"curies":[{"name":"wp","href":"https:\/\/api.w.org\/{rel}","templated":true}]}}